{"id":11074,"date":"2021-11-07T12:15:33","date_gmt":"2021-11-07T11:15:33","guid":{"rendered":"https:\/\/www.kedos-srl.it\/trouble-ticketing-management-easy-assistance\/"},"modified":"2024-10-25T18:00:12","modified_gmt":"2024-10-25T16:00:12","slug":"gestion-de-tickets-de-problemas-easy-assistance","status":"publish","type":"page","link":"https:\/\/www.kedos-srl.it\/es\/gestion-de-tickets-de-problemas-easy-assistance\/","title":{"rendered":"Gesti\u00f3n de Tickets de Problemas Easy Assistance\u2122"},"content":{"rendered":"<p>[et_pb_section fb_built=\u00bb1&#8243; custom_padding_last_edited=\u00bbon|desktop\u00bb next_background_color=\u00bb#ffffff\u00bb admin_label=\u00bbHeader\u00bb _builder_version=\u00bb4.16&#8243; use_background_color_gradient=\u00bbon\u00bb background_color_gradient_direction=\u00bb130deg\u00bb background_color_gradient_stops=\u00bbrgba(255,255,255,0.65) 25%|rgba(0,0,0,0) 100%\u00bb background_color_gradient_overlays_image=\u00bbon\u00bb background_color_gradient_start=\u00bbrgba(255,255,255,0.65)\u00bb background_color_gradient_start_position=\u00bb25%\u00bb background_color_gradient_end=\u00bbrgba(0,0,0,0)\u00bb background_image=\u00bbhttps:\/\/www.kedos-srl.it\/wp-content\/uploads\/2021\/10\/assistance.jpg\u00bb custom_padding=\u00bb7vw||16vw||false|false\u00bb custom_padding_tablet=\u00bb100px||100px||true\u00bb custom_padding_phone=\u00bb||||true\u00bb bottom_divider_style=\u00bbramp2&#8243; bottom_divider_height=\u00bb250px\u00bb bottom_divider_flip=\u00bbhorizontal\u00bb bottom_divider_height_tablet=\u00bb150px\u00bb bottom_divider_height_phone=\u00bb110px\u00bb bottom_divider_height_last_edited=\u00bbon|phone\u00bb saved_tabs=\u00bball\u00bb locked=\u00bboff\u00bb global_colors_info=\u00bb{}\u00bb][et_pb_row _builder_version=\u00bb4.16&#8243; global_colors_info=\u00bb{}\u00bb][et_pb_column type=\u00bb4_4&#8243; _builder_version=\u00bb4.16&#8243; background_color=\u00bbrgba(255,255,255,0.66)\u00bb custom_padding=\u00bb40px|40px|40px|40px|false|false\u00bb border_radii=\u00bbon|40px|40px|40px|40px\u00bb global_colors_info=\u00bb{}\u00bb custom_padding__hover=\u00bb|||\u00bb][et_pb_text _builder_version=\u00bb4.27.2&#8243; text_font=\u00bbRoboto||||||||\u00bb text_text_color=\u00bb#000000&#8243; text_font_size=\u00bb16px\u00bb text_line_height=\u00bb1.8em\u00bb header_font=\u00bbLato|300|||||||\u00bb header_text_align=\u00bbcenter\u00bb header_text_color=\u00bb#407667&#8243; header_font_size=\u00bb80px\u00bb header_3_font=\u00bbLato||||||||\u00bb header_3_text_align=\u00bbcenter\u00bb header_3_text_color=\u00bb#000000&#8243; header_3_font_size=\u00bb24px\u00bb header_3_letter_spacing=\u00bb2px\u00bb header_3_line_height=\u00bb2em\u00bb text_orientation=\u00bbcenter\u00bb module_alignment=\u00bbcenter\u00bb text_font_size_last_edited=\u00bboff|desktop\u00bb header_font_size_tablet=\u00bb40px\u00bb header_font_size_phone=\u00bb32px\u00bb header_font_size_last_edited=\u00bbon|phone\u00bb header_3_font_size_tablet=\u00bb16px\u00bb header_3_font_size_phone=\u00bb14px\u00bb header_3_font_size_last_edited=\u00bbon|phone\u00bb header_3_letter_spacing_tablet=\u00bb5px\u00bb header_3_letter_spacing_phone=\u00bb\u00bb header_3_letter_spacing_last_edited=\u00bbon|tablet\u00bb global_colors_info=\u00bb{}\u00bb]<\/p>\n<h3>Gesti\u00f3n de Tickets de Problemas<\/h3>\n<h1 class=\"ls-layer\" data-ls=\"offsetxin:left;\" data-ls-slidein=\"1\" data-ls-slideout=\"1\"><strong><span style=\"color: #c16766;\">Easy Assistance<sup style=\"bottom: 0.4em;\">\u2122<\/sup><\/span><\/strong><\/h1>\n<p>[\/et_pb_text][\/et_pb_column][\/et_pb_row][\/et_pb_section][et_pb_section fb_built=\u00bb1&#8243; _builder_version=\u00bb4.16&#8243; _module_preset=\u00bbdefault\u00bb custom_padding=\u00bb0px||0px|||\u00bb global_colors_info=\u00bb{}\u00bb][et_pb_row _builder_version=\u00bb4.16&#8243; _module_preset=\u00bbdefault\u00bb custom_padding=\u00bb0px||0px|||\u00bb global_colors_info=\u00bb{}\u00bb][et_pb_column type=\u00bb4_4&#8243; _builder_version=\u00bb4.16&#8243; _module_preset=\u00bbdefault\u00bb global_colors_info=\u00bb{}\u00bb][et_pb_divider show_divider=\u00bboff\u00bb _builder_version=\u00bb4.16&#8243; _module_preset=\u00bbdefault\u00bb min_height=\u00bb60px\u00bb height=\u00bb60px\u00bb max_height=\u00bb60px\u00bb global_colors_info=\u00bb{}\u00bb][\/et_pb_divider][\/et_pb_column][\/et_pb_row][\/et_pb_section][et_pb_section fb_built=\u00bb1&#8243; admin_label=\u00bbWhat we do best Row\u00bb _builder_version=\u00bb4.16&#8243; custom_padding=\u00bb0px|||||\u00bb global_colors_info=\u00bb{}\u00bb][et_pb_row column_structure=\u00bb2_5,3_5&#8243; module_id=\u00bb1&#8243; _builder_version=\u00bb4.16&#8243; _module_preset=\u00bbdefault\u00bb custom_padding=\u00bb60px|||||\u00bb global_colors_info=\u00bb{}\u00bb][et_pb_column type=\u00bb2_5&#8243; _builder_version=\u00bb4.16&#8243; _module_preset=\u00bbdefault\u00bb global_colors_info=\u00bb{}\u00bb][et_pb_image src=\u00bbhttps:\/\/www.kedos-srl.it\/wp-content\/uploads\/2021\/11\/easyassistance-mockup.jpeg\u00bb title_text=\u00bbeasyassistance-mockup\u00bb _builder_version=\u00bb4.16&#8243; _module_preset=\u00bbdefault\u00bb global_colors_info=\u00bb{}\u00bb][\/et_pb_image][\/et_pb_column][et_pb_column type=\u00bb3_5&#8243; _builder_version=\u00bb4.16&#8243; _module_preset=\u00bbdefault\u00bb global_colors_info=\u00bb{}\u00bb][et_pb_text _builder_version=\u00bb4.27.2&#8243; text_font=\u00bb||||||||\u00bb text_font_size=\u00bb16px\u00bb text_line_height=\u00bb2em\u00bb ul_font=\u00bb||||||||\u00bb header_font=\u00bb||||||||\u00bb header_2_font=\u00bbLato|300|||||||\u00bb header_2_text_color=\u00bb#407667&#8243; header_2_font_size=\u00bb30px\u00bb header_2_line_height=\u00bb1.2em\u00bb header_3_font=\u00bb||||||||\u00bb text_orientation=\u00bbcenter\u00bb max_width=\u00bb800px\u00bb max_width_last_edited=\u00bboff|desktop\u00bb module_alignment=\u00bbcenter\u00bb custom_margin=\u00bb|||\u00bb custom_padding=\u00bb|||\u00bb header_2_font_size_tablet=\u00bb35px\u00bb header_2_font_size_phone=\u00bb28px\u00bb header_2_font_size_last_edited=\u00bbon|phone\u00bb locked=\u00bboff\u00bb global_colors_info=\u00bb{}\u00bb]<\/p>\n<h2 style=\"text-align: left;\">\u00bfQu\u00e9 es <span style=\"color: #c16766;\"><strong class=\"font-bold\">Easy Assistance<sup style=\"bottom: 0.4em;\">\u2122<\/sup><\/strong><\/span>?<\/h2>\n<p>[\/et_pb_text][et_pb_image src=\u00bbhttps:\/\/www.kedos-srl.it\/wp-content\/uploads\/2021\/09\/line.png\u00bb title_text=\u00bbline\u00bb _builder_version=\u00bb4.16&#8243; _module_preset=\u00bbdefault\u00bb width=\u00bb150px\u00bb max_width=\u00bb150px\u00bb locked=\u00bboff\u00bb global_colors_info=\u00bb{}\u00bb][\/et_pb_image][et_pb_text _builder_version=\u00bb4.27.2&#8243; text_font=\u00bbLato|300|||||||\u00bb text_text_color=\u00bb#000000&#8243; text_font_size=\u00bb18px\u00bb text_line_height=\u00bb1.8em\u00bb link_font=\u00bb||||on||||\u00bb link_text_color=\u00bb#138e11&#8243; ul_font=\u00bb||||||||\u00bb header_font=\u00bbRoboto|700|||||||\u00bb header_text_align=\u00bbcenter\u00bb header_font_size=\u00bb80px\u00bb header_line_height=\u00bb1.2em\u00bb header_3_font=\u00bbRoboto|700||on|||||\u00bb header_3_text_align=\u00bbcenter\u00bb header_3_text_color=\u00bb#ffffff\u00bb header_3_font_size=\u00bb24px\u00bb header_3_letter_spacing=\u00bb10px\u00bb header_3_line_height=\u00bb2em\u00bb background_layout=\u00bbdark\u00bb module_alignment=\u00bbcenter\u00bb text_font_size_last_edited=\u00bboff|desktop\u00bb header_font_size_tablet=\u00bb40px\u00bb header_font_size_phone=\u00bb32px\u00bb header_font_size_last_edited=\u00bbon|phone\u00bb header_3_font_size_tablet=\u00bb16px\u00bb header_3_font_size_phone=\u00bb14px\u00bb header_3_font_size_last_edited=\u00bbon|phone\u00bb header_3_letter_spacing_tablet=\u00bb5px\u00bb header_3_letter_spacing_phone=\u00bb\u00bb header_3_letter_spacing_last_edited=\u00bbon|tablet\u00bb global_colors_info=\u00bb{}\u00bb]<\/p>\n<p>Easy Assistance<sup style=\"bottom: 0.4em;\">\u2122<\/sup> es una soluci\u00f3n <strong style=\"color: #c16766;\">escalable<\/strong> y <strong style=\"color: #c16766;\">modular<\/strong> de gesti\u00f3n de tickets de problemas dise\u00f1ada para respaldar los <strong style=\"color: #c16766;\">procesos postventa<\/strong>.<\/p>\n<p>Es una soluci\u00f3n flexible y <strong style=\"color: #c16766;\">personalizable<\/strong> para adaptarse a los procesos de soporte de cada empresa.\u00a0Todos los par\u00e1metros descriptivos de los tickets pueden configurarse para adaptarse a cada realidad empresarial, a cada tipo de dispositivo y a cada necesidad de intervenci\u00f3n.<\/p>\n<p><strong style=\"color: #c16766;\">Easy Assistance<sup style=\"bottom: 0.4em;\">\u2122<\/sup> permite:<\/strong><\/p>\n<ul>\n<li>Gestionar las actividades de gesti\u00f3n de tickets de problemas en el parque instalado;<\/li>\n<li>Mejorar la documentaci\u00f3n de los tickets mediante la <strong style=\"color: #c16766;\">inclusi\u00f3n de adjuntos<\/strong>;<\/li>\n<li>Crear archivos de <strong style=\"color: #c16766;\">informes de intervenci\u00f3n<\/strong> <strong style=\"color: #c16766;\">con la firma grafom\u00e9trica<\/strong> del cliente utilizando una tableta gr\u00e1fica;<\/li>\n<li>Consolidar el patrimonio de experiencia acumulado por los t\u00e9cnicos con la gesti\u00f3n de la gesti\u00f3n de tickets de problemas, creando un sistema de <strong style=\"color: #c16766;\">intercambio de conocimientos<\/strong>;<\/li>\n<li>Gestionar las piezas de repuesto y, si es necesario, su precio;<\/li>\n<li>Acceder a datos \u00fatiles para todas las funciones empresariales para crear <strong style=\"color: #c16766;\">indicadores de calidad<\/strong>;<\/li>\n<\/ul>\n<p>[\/et_pb_text][\/et_pb_column][\/et_pb_row][et_pb_row column_structure=\u00bb2_5,3_5&#8243; _builder_version=\u00bb4.16&#8243; _module_preset=\u00bbdefault\u00bb locked=\u00bboff\u00bb global_colors_info=\u00bb{}\u00bb][et_pb_column type=\u00bb2_5&#8243; _builder_version=\u00bb4.16&#8243; _module_preset=\u00bbdefault\u00bb global_colors_info=\u00bb{}\u00bb][et_pb_text _builder_version=\u00bb4.27.2&#8243; text_font=\u00bb||||||||\u00bb text_font_size=\u00bb16px\u00bb text_line_height=\u00bb2em\u00bb ul_font=\u00bb||||||||\u00bb header_font=\u00bb||||||||\u00bb header_2_font=\u00bbLato|300|||||||\u00bb header_2_text_color=\u00bb#407667&#8243; header_2_font_size=\u00bb30px\u00bb header_2_line_height=\u00bb1.2em\u00bb header_3_font=\u00bb||||||||\u00bb text_orientation=\u00bbcenter\u00bb max_width=\u00bb800px\u00bb max_width_last_edited=\u00bboff|desktop\u00bb module_alignment=\u00bbcenter\u00bb custom_margin=\u00bb|||\u00bb custom_padding=\u00bb|||\u00bb header_2_font_size_tablet=\u00bb35px\u00bb header_2_font_size_phone=\u00bb28px\u00bb header_2_font_size_last_edited=\u00bbon|phone\u00bb locked=\u00bboff\u00bb global_colors_info=\u00bb{}\u00bb]<\/p>\n<h2 style=\"text-align: left;\"><strong class=\"font-bold\" style=\"color: #c16766;\">Easy Assistance<sup style=\"bottom: 0.4em;\">\u2122<\/sup>:<\/strong> los beneficios<\/h2>\n<p>[\/et_pb_text][et_pb_image src=\u00bbhttps:\/\/www.kedos-srl.it\/wp-content\/uploads\/2021\/09\/line.png\u00bb title_text=\u00bbline\u00bb _builder_version=\u00bb4.16&#8243; _module_preset=\u00bbdefault\u00bb width=\u00bb150px\u00bb max_width=\u00bb150px\u00bb locked=\u00bboff\u00bb global_colors_info=\u00bb{}\u00bb][\/et_pb_image][\/et_pb_column][et_pb_column type=\u00bb3_5&#8243; _builder_version=\u00bb4.16&#8243; _module_preset=\u00bbdefault\u00bb global_colors_info=\u00bb{}\u00bb][et_pb_text _builder_version=\u00bb4.27.2&#8243; text_font=\u00bbLato|300|||||||\u00bb text_text_color=\u00bb#000000&#8243; text_font_size=\u00bb18px\u00bb text_line_height=\u00bb1.8em\u00bb ul_font=\u00bb||||||||\u00bb header_font=\u00bbRoboto|700|||||||\u00bb header_text_align=\u00bbcenter\u00bb header_font_size=\u00bb80px\u00bb header_line_height=\u00bb1.2em\u00bb header_3_font=\u00bbRoboto|700||on|||||\u00bb header_3_text_align=\u00bbcenter\u00bb header_3_text_color=\u00bb#ffffff\u00bb header_3_font_size=\u00bb24px\u00bb header_3_letter_spacing=\u00bb10px\u00bb header_3_line_height=\u00bb2em\u00bb background_layout=\u00bbdark\u00bb module_alignment=\u00bbcenter\u00bb text_font_size_last_edited=\u00bboff|desktop\u00bb header_font_size_tablet=\u00bb40px\u00bb header_font_size_phone=\u00bb32px\u00bb header_font_size_last_edited=\u00bbon|phone\u00bb header_3_font_size_tablet=\u00bb16px\u00bb header_3_font_size_phone=\u00bb14px\u00bb header_3_font_size_last_edited=\u00bbon|phone\u00bb header_3_letter_spacing_tablet=\u00bb5px\u00bb header_3_letter_spacing_phone=\u00bb\u00bb header_3_letter_spacing_last_edited=\u00bbon|tablet\u00bb global_colors_info=\u00bb{}\u00bb]<\/p>\n<p>Easy Assistance<sup style=\"bottom: 0.4em;\">\u2122<\/sup> contribuye a <strong style=\"color: #c16766;\">mejorar los niveles de servicio y la calidad<\/strong> percibida por el cliente final al proporcionar una mayor eficiencia en el proceso de postventa en t\u00e9rminos de:<\/p>\n<ul>\n<li>Control<\/li>\n<li>Rastreabilidad<\/li>\n<li>Planificaci\u00f3n<\/li>\n<li>Informes<\/li>\n<\/ul>\n<p>Easy Assistance<sup style=\"bottom: 0.4em;\">\u2122<\/sup> tambi\u00e9n proporciona a los usuarios y clientes finales algunas herramientas \u00fatiles que simplifican y hacen m\u00e1s efectivas las actividades de soporte y de gesti\u00f3n de tickets de problemas: manuales t\u00e9cnicos y de mantenimiento, manuales de usuario, registro de equipos en mantenimiento (n\u00famero de serie, fecha de compra, t\u00e9rminos y condiciones de garant\u00eda, validez de los contratos de mantenimiento), notificaciones autom\u00e1ticas sobre el estado de los tickets, y m\u00e1s.<\/p>\n<p>[\/et_pb_text][\/et_pb_column][\/et_pb_row][\/et_pb_section]<\/p>\n","protected":false},"excerpt":{"rendered":"<p>Gesti\u00f3n de Tickets de Problemas Easy Assistance\u2122\u00bfQu\u00e9 es Easy Assistance\u2122?Easy Assistance\u2122 es una soluci\u00f3n escalable y modular de gesti\u00f3n de tickets de problemas dise\u00f1ada para respaldar los procesos postventa. Es una soluci\u00f3n flexible y personalizable para adaptarse a los procesos de soporte de cada empresa.\u00a0Todos los par\u00e1metros descriptivos de los tickets pueden configurarse para adaptarse [&hellip;]<\/p>\n","protected":false},"author":2,"featured_media":0,"parent":0,"menu_order":0,"comment_status":"closed","ping_status":"closed","template":"","meta":{"_et_pb_use_builder":"on","_et_pb_old_content":"","_et_gb_content_width":"","footnotes":""},"class_list":["post-11074","page","type-page","status-publish","hentry"],"yoast_head":"<!-- This site is optimized with the Yoast SEO plugin v27.5 - https:\/\/yoast.com\/product\/yoast-seo-wordpress\/ -->\n<title>Gesti\u00f3n de Tickets de Problemas Easy Assistance\u2122 - Kedos Srl<\/title>\n<meta name=\"robots\" content=\"index, follow, max-snippet:-1, max-image-preview:large, max-video-preview:-1\" \/>\n<link rel=\"canonical\" href=\"https:\/\/www.kedos-srl.it\/es\/gestion-de-tickets-de-problemas-easy-assistance\/\" \/>\n<meta property=\"og:locale\" content=\"es_ES\" \/>\n<meta property=\"og:type\" content=\"article\" \/>\n<meta property=\"og:title\" content=\"Gesti\u00f3n de Tickets de Problemas Easy Assistance\u2122 - Kedos Srl\" \/>\n<meta property=\"og:description\" content=\"Gesti\u00f3n de Tickets de Problemas Easy Assistance\u2122\u00bfQu\u00e9 es Easy Assistance\u2122?Easy Assistance\u2122 es una soluci\u00f3n escalable y modular de gesti\u00f3n de tickets de problemas dise\u00f1ada para respaldar los procesos postventa. Es una soluci\u00f3n flexible y personalizable para adaptarse a los procesos de soporte de cada empresa.\u00a0Todos los par\u00e1metros descriptivos de los tickets pueden configurarse para adaptarse [&hellip;]\" \/>\n<meta property=\"og:url\" content=\"https:\/\/www.kedos-srl.it\/es\/gestion-de-tickets-de-problemas-easy-assistance\/\" \/>\n<meta property=\"og:site_name\" content=\"Kedos Srl\" \/>\n<meta property=\"article:publisher\" content=\"https:\/\/www.facebook.com\/people\/Kedos-Srl\/100078119546036\/\" \/>\n<meta property=\"article:modified_time\" content=\"2024-10-25T16:00:12+00:00\" \/>\n<meta property=\"og:image\" content=\"https:\/\/www.kedos-srl.it\/wp-content\/uploads\/2021\/09\/logo_kedos.png\" \/>\n\t<meta property=\"og:image:width\" content=\"757\" \/>\n\t<meta property=\"og:image:height\" content=\"273\" \/>\n\t<meta property=\"og:image:type\" content=\"image\/png\" \/>\n<meta name=\"twitter:card\" content=\"summary_large_image\" \/>\n<meta name=\"twitter:label1\" content=\"Tiempo de lectura\" \/>\n\t<meta name=\"twitter:data1\" content=\"7 minutos\" \/>\n<script type=\"application\/ld+json\" class=\"yoast-schema-graph\">{\"@context\":\"https:\\\/\\\/schema.org\",\"@graph\":[{\"@type\":\"WebPage\",\"@id\":\"https:\\\/\\\/www.kedos-srl.it\\\/es\\\/gestion-de-tickets-de-problemas-easy-assistance\\\/\",\"url\":\"https:\\\/\\\/www.kedos-srl.it\\\/es\\\/gestion-de-tickets-de-problemas-easy-assistance\\\/\",\"name\":\"Gesti\u00f3n de Tickets de Problemas Easy Assistance\u2122 - Kedos Srl\",\"isPartOf\":{\"@id\":\"https:\\\/\\\/www.kedos-srl.it\\\/es\\\/#website\"},\"datePublished\":\"2021-11-07T11:15:33+00:00\",\"dateModified\":\"2024-10-25T16:00:12+00:00\",\"breadcrumb\":{\"@id\":\"https:\\\/\\\/www.kedos-srl.it\\\/es\\\/gestion-de-tickets-de-problemas-easy-assistance\\\/#breadcrumb\"},\"inLanguage\":\"es\",\"potentialAction\":[{\"@type\":\"ReadAction\",\"target\":[\"https:\\\/\\\/www.kedos-srl.it\\\/es\\\/gestion-de-tickets-de-problemas-easy-assistance\\\/\"]}]},{\"@type\":\"BreadcrumbList\",\"@id\":\"https:\\\/\\\/www.kedos-srl.it\\\/es\\\/gestion-de-tickets-de-problemas-easy-assistance\\\/#breadcrumb\",\"itemListElement\":[{\"@type\":\"ListItem\",\"position\":1,\"name\":\"Home\",\"item\":\"https:\\\/\\\/www.kedos-srl.it\\\/es\\\/home\\\/\"},{\"@type\":\"ListItem\",\"position\":2,\"name\":\"Gesti\u00f3n de Tickets de Problemas Easy Assistance\u2122\"}]},{\"@type\":\"WebSite\",\"@id\":\"https:\\\/\\\/www.kedos-srl.it\\\/es\\\/#website\",\"url\":\"https:\\\/\\\/www.kedos-srl.it\\\/es\\\/\",\"name\":\"Kedos S.r.l.\",\"description\":\"Information Technology Solutions\",\"publisher\":{\"@id\":\"https:\\\/\\\/www.kedos-srl.it\\\/es\\\/#organization\"},\"alternateName\":\"Kedos S.r.l.\",\"potentialAction\":[{\"@type\":\"SearchAction\",\"target\":{\"@type\":\"EntryPoint\",\"urlTemplate\":\"https:\\\/\\\/www.kedos-srl.it\\\/es\\\/?s={search_term_string}\"},\"query-input\":{\"@type\":\"PropertyValueSpecification\",\"valueRequired\":true,\"valueName\":\"search_term_string\"}}],\"inLanguage\":\"es\"},{\"@type\":\"Organization\",\"@id\":\"https:\\\/\\\/www.kedos-srl.it\\\/es\\\/#organization\",\"name\":\"Kedos S.r.l.\",\"alternateName\":\"Kedos S.r.l.\",\"url\":\"https:\\\/\\\/www.kedos-srl.it\\\/es\\\/\",\"logo\":{\"@type\":\"ImageObject\",\"inLanguage\":\"es\",\"@id\":\"https:\\\/\\\/www.kedos-srl.it\\\/es\\\/#\\\/schema\\\/logo\\\/image\\\/\",\"url\":\"https:\\\/\\\/www.kedos-srl.it\\\/wp-content\\\/uploads\\\/2021\\\/09\\\/kedos_verticale.png\",\"contentUrl\":\"https:\\\/\\\/www.kedos-srl.it\\\/wp-content\\\/uploads\\\/2021\\\/09\\\/kedos_verticale.png\",\"width\":390,\"height\":404,\"caption\":\"Kedos S.r.l.\"},\"image\":{\"@id\":\"https:\\\/\\\/www.kedos-srl.it\\\/es\\\/#\\\/schema\\\/logo\\\/image\\\/\"},\"sameAs\":[\"https:\\\/\\\/www.facebook.com\\\/people\\\/Kedos-Srl\\\/100078119546036\\\/\",\"https:\\\/\\\/www.linkedin.com\\\/company\\\/kedos-srl\",\"https:\\\/\\\/www.instagram.com\\\/kedos.srl?igsh=dnlqdjQ5b2Jhc3Ru\",\"https:\\\/\\\/www.youtube.com\\\/@kedossrl8775\"]}]}<\/script>\n<!-- \/ Yoast SEO plugin. -->","yoast_head_json":{"title":"Gesti\u00f3n de Tickets de Problemas Easy Assistance\u2122 - Kedos Srl","robots":{"index":"index","follow":"follow","max-snippet":"max-snippet:-1","max-image-preview":"max-image-preview:large","max-video-preview":"max-video-preview:-1"},"canonical":"https:\/\/www.kedos-srl.it\/es\/gestion-de-tickets-de-problemas-easy-assistance\/","og_locale":"es_ES","og_type":"article","og_title":"Gesti\u00f3n de Tickets de Problemas Easy Assistance\u2122 - Kedos Srl","og_description":"Gesti\u00f3n de Tickets de Problemas Easy Assistance\u2122\u00bfQu\u00e9 es Easy Assistance\u2122?Easy Assistance\u2122 es una soluci\u00f3n escalable y modular de gesti\u00f3n de tickets de problemas dise\u00f1ada para respaldar los procesos postventa. Es una soluci\u00f3n flexible y personalizable para adaptarse a los procesos de soporte de cada empresa.\u00a0Todos los par\u00e1metros descriptivos de los tickets pueden configurarse para adaptarse [&hellip;]","og_url":"https:\/\/www.kedos-srl.it\/es\/gestion-de-tickets-de-problemas-easy-assistance\/","og_site_name":"Kedos Srl","article_publisher":"https:\/\/www.facebook.com\/people\/Kedos-Srl\/100078119546036\/","article_modified_time":"2024-10-25T16:00:12+00:00","og_image":[{"width":757,"height":273,"url":"https:\/\/www.kedos-srl.it\/wp-content\/uploads\/2021\/09\/logo_kedos.png","type":"image\/png"}],"twitter_card":"summary_large_image","twitter_misc":{"Tiempo de lectura":"7 minutos"},"schema":{"@context":"https:\/\/schema.org","@graph":[{"@type":"WebPage","@id":"https:\/\/www.kedos-srl.it\/es\/gestion-de-tickets-de-problemas-easy-assistance\/","url":"https:\/\/www.kedos-srl.it\/es\/gestion-de-tickets-de-problemas-easy-assistance\/","name":"Gesti\u00f3n de Tickets de Problemas Easy Assistance\u2122 - Kedos Srl","isPartOf":{"@id":"https:\/\/www.kedos-srl.it\/es\/#website"},"datePublished":"2021-11-07T11:15:33+00:00","dateModified":"2024-10-25T16:00:12+00:00","breadcrumb":{"@id":"https:\/\/www.kedos-srl.it\/es\/gestion-de-tickets-de-problemas-easy-assistance\/#breadcrumb"},"inLanguage":"es","potentialAction":[{"@type":"ReadAction","target":["https:\/\/www.kedos-srl.it\/es\/gestion-de-tickets-de-problemas-easy-assistance\/"]}]},{"@type":"BreadcrumbList","@id":"https:\/\/www.kedos-srl.it\/es\/gestion-de-tickets-de-problemas-easy-assistance\/#breadcrumb","itemListElement":[{"@type":"ListItem","position":1,"name":"Home","item":"https:\/\/www.kedos-srl.it\/es\/home\/"},{"@type":"ListItem","position":2,"name":"Gesti\u00f3n de Tickets de Problemas Easy Assistance\u2122"}]},{"@type":"WebSite","@id":"https:\/\/www.kedos-srl.it\/es\/#website","url":"https:\/\/www.kedos-srl.it\/es\/","name":"Kedos S.r.l.","description":"Information Technology Solutions","publisher":{"@id":"https:\/\/www.kedos-srl.it\/es\/#organization"},"alternateName":"Kedos S.r.l.","potentialAction":[{"@type":"SearchAction","target":{"@type":"EntryPoint","urlTemplate":"https:\/\/www.kedos-srl.it\/es\/?s={search_term_string}"},"query-input":{"@type":"PropertyValueSpecification","valueRequired":true,"valueName":"search_term_string"}}],"inLanguage":"es"},{"@type":"Organization","@id":"https:\/\/www.kedos-srl.it\/es\/#organization","name":"Kedos S.r.l.","alternateName":"Kedos S.r.l.","url":"https:\/\/www.kedos-srl.it\/es\/","logo":{"@type":"ImageObject","inLanguage":"es","@id":"https:\/\/www.kedos-srl.it\/es\/#\/schema\/logo\/image\/","url":"https:\/\/www.kedos-srl.it\/wp-content\/uploads\/2021\/09\/kedos_verticale.png","contentUrl":"https:\/\/www.kedos-srl.it\/wp-content\/uploads\/2021\/09\/kedos_verticale.png","width":390,"height":404,"caption":"Kedos S.r.l."},"image":{"@id":"https:\/\/www.kedos-srl.it\/es\/#\/schema\/logo\/image\/"},"sameAs":["https:\/\/www.facebook.com\/people\/Kedos-Srl\/100078119546036\/","https:\/\/www.linkedin.com\/company\/kedos-srl","https:\/\/www.instagram.com\/kedos.srl?igsh=dnlqdjQ5b2Jhc3Ru","https:\/\/www.youtube.com\/@kedossrl8775"]}]}},"_links":{"self":[{"href":"https:\/\/www.kedos-srl.it\/es\/wp-json\/wp\/v2\/pages\/11074","targetHints":{"allow":["GET"]}}],"collection":[{"href":"https:\/\/www.kedos-srl.it\/es\/wp-json\/wp\/v2\/pages"}],"about":[{"href":"https:\/\/www.kedos-srl.it\/es\/wp-json\/wp\/v2\/types\/page"}],"author":[{"embeddable":true,"href":"https:\/\/www.kedos-srl.it\/es\/wp-json\/wp\/v2\/users\/2"}],"replies":[{"embeddable":true,"href":"https:\/\/www.kedos-srl.it\/es\/wp-json\/wp\/v2\/comments?post=11074"}],"version-history":[{"count":0,"href":"https:\/\/www.kedos-srl.it\/es\/wp-json\/wp\/v2\/pages\/11074\/revisions"}],"wp:attachment":[{"href":"https:\/\/www.kedos-srl.it\/es\/wp-json\/wp\/v2\/media?parent=11074"}],"curies":[{"name":"wp","href":"https:\/\/api.w.org\/{rel}","templated":true}]}}