{"id":11191,"date":"2021-10-28T17:41:17","date_gmt":"2021-10-28T15:41:17","guid":{"rendered":"https:\/\/www.kedos-srl.it\/informativa-estesa-cookie\/"},"modified":"2026-05-05T15:32:15","modified_gmt":"2026-05-05T13:32:15","slug":"informativa-estesa-cookie","status":"publish","type":"page","link":"https:\/\/www.kedos-srl.it\/es\/informativa-estesa-cookie\/","title":{"rendered":"Cookie Policy"},"content":{"rendered":"<p>[et_pb_section fb_built=\u00bb1&#8243; admin_label=\u00bbsection\u00bb _builder_version=\u00bb4.16&#8243; global_colors_info=\u00bb{}\u00bb][et_pb_row admin_label=\u00bbrow\u00bb _builder_version=\u00bb4.16&#8243; background_size=\u00bbinitial\u00bb background_position=\u00bbtop_left\u00bb background_repeat=\u00bbrepeat\u00bb global_colors_info=\u00bb{}\u00bb][et_pb_column type=\u00bb4_4&#8243; _builder_version=\u00bb4.16&#8243; custom_padding=\u00bb|||\u00bb global_colors_info=\u00bb{}\u00bb custom_padding__hover=\u00bb|||\u00bb][et_pb_text admin_label=\u00bbText\u00bb _builder_version=\u00bb4.27.6&#8243; text_font=\u00bbLato|300|||||||\u00bb text_text_color=\u00bb#000000&#8243; text_font_size=\u00bb18px\u00bb text_line_height=\u00bb1.8em\u00bb ul_font=\u00bb||||||||\u00bb header_font=\u00bbRoboto|700|||||||\u00bb header_text_align=\u00bbcenter\u00bb header_text_color=\u00bb#000000&#8243; header_font_size=\u00bb80px\u00bb header_line_height=\u00bb1.2em\u00bb header_2_font=\u00bbRoboto|900|||||||\u00bb header_2_text_align=\u00bbleft\u00bb header_2_text_color=\u00bb#000000&#8243; header_3_font=\u00bbRoboto|700|||||||\u00bb header_3_text_align=\u00bbleft\u00bb header_3_text_color=\u00bb#000000&#8243; header_3_font_size=\u00bb24px\u00bb header_3_line_height=\u00bb2em\u00bb background_layout=\u00bbdark\u00bb module_alignment=\u00bbcenter\u00bb hover_enabled=\u00bb0&#8243; header_font_size_tablet=\u00bb40px\u00bb header_font_size_phone=\u00bb32px\u00bb header_font_size_last_edited=\u00bbon|phone\u00bb header_3_font_size_tablet=\u00bb16px\u00bb header_3_font_size_phone=\u00bb14px\u00bb header_3_font_size_last_edited=\u00bbon|phone\u00bb header_3_letter_spacing_tablet=\u00bb5px\u00bb header_3_letter_spacing_phone=\u00bb\u00bb header_3_letter_spacing_last_edited=\u00bbon|tablet\u00bb global_colors_info=\u00bb{}\u00bb sticky_enabled=\u00bb0&#8243;]<\/p>\n<h2>Cookie Policy<\/h2>\n<h3>Informaci\u00f3n sobre las cookies instaladas<\/h3>\n<p>Nuestra pol\u00edtica tiene la intenci\u00f3n de describir los tipos de cookies utilizados y los prop\u00f3sitos de las cookies instaladas por el sitio, as\u00ed como describir y definir aquellas de terceros que puedan estar involucradas.<\/p>\n<h3>\u00bfQu\u00e9 son las cookies?<\/h3>\n<p>Las cookies son archivos de texto creados por algunos sitios web en el ordenador del usuario cuando este accede a un sitio espec\u00edfico, con el prop\u00f3sito de almacenar y transportar informaci\u00f3n. Las cookies son enviadas por un servidor web (que es el ordenador en el que se ejecuta el sitio web visitado) al navegador del usuario (Internet Explorer, Mozilla Firefox, Google Chrome, etc.) y se almacenan en el ordenador del usuario; luego son reenviadas al sitio web en visitas posteriores.<\/p>\n<p>Algunas operaciones no pueden realizarse sin el uso de cookies, que, en algunos casos, son t\u00e9cnicamente necesarias. En otros casos, el sitio utiliza cookies para facilitar la navegaci\u00f3n del usuario o permitirle disfrutar de servicios espec\u00edficamente solicitados.<\/p>\n<p>Las cookies se distinguen seg\u00fan el sujeto que las instala en el terminal del usuario:<\/p>\n<ul>\n<li>Cookies llamadas \u00abde primera parte\u00bb, instaladas por el mismo gestor del sitio que el usuario est\u00e1 visitando, con el fin de permitir que el usuario navegue de manera m\u00e1s eficiente y\/o monitorear las acciones realizadas por el mismo;<\/li>\n<li>Cookies llamadas \u00abde terceros\u00bb, enviadas por sitios o servidores web diferentes al que se est\u00e1 visitando en ese momento.<\/li>\n<\/ul>\n<p>Los usuarios tendr\u00e1n la posibilidad de eliminar las cookies en cualquier momento a trav\u00e9s de la configuraci\u00f3n del navegador.<\/p>\n<p>Si se decide eliminar parcial o totalmente las cookies, es importante recordar que el uso del sitio web puede verse afectado por la eliminaci\u00f3n de las cookies y, si la computadora en la que se desactivan las cookies es compartida, dicha eliminaci\u00f3n afectar\u00e1 a todos los usuarios que utilicen ese ordenador.<\/p>\n<h2>Los tipos de cookies que utilizamos<\/h2>\n<div class=\"cky-audit-table-element\">\n<p>El sitio de la Empresa utiliza en particular:<\/p>\n<\/div>\n<p><div class=\"cky-audit-table-element\">\u00a0<\/div>\n<\/p>\n<p><a class=\"cky-banner-element\"  style=\"cursor:pointer\">Cambiar la configuraci\u00f3n de cookies<\/a><\/p>\n<h2>Gestiona la configuraci\u00f3n de las cookies<\/h2>\n<p>Puedes cambiar la configuraci\u00f3n de las cookies en cualquier momento haciendo clic en el enlace <b>Cambiar Configuraci\u00f3n de cookies<\/b>. De esta manera, podr\u00e1s revisar el consentimiento de las cookies y cambiar tus preferencias o revocar el consentimiento.<\/p>\n<p>Puedes cambiar la configuraci\u00f3n de las cookies en cualquier momento haciendo clic en el enlace <strong>Configuraci\u00f3n de cookies<\/strong>. De esta manera, podr\u00e1s revisar el consentimiento de las cookies y cambiar tus preferencias o revocar el consentimiento.<\/p>\n<div>\n<p>Adem\u00e1s, cada navegador tiene su propio m\u00e9todo para bloquear o eliminar las cookies utilizadas en los sitios web. Puedes cambiar la configuraci\u00f3n del navegador para bloquear\/eliminar las cookies. A continuaci\u00f3n se encuentra una lista con enlaces que explican c\u00f3mo gestionar y eliminar las cookies para los principales navegadores:<\/p>\n<ul>\n<li>Chrome: <a href=\"https:\/\/support.google.com\/accounts\/answer\/32050\" target=\"_blank\" rel=\"noopener noreferrer\">https:\/\/support.google.com\/accounts\/answer\/32050<\/a><\/li>\n<li>Safari: <a href=\"https:\/\/support.apple.com\/en-in\/guide\/safari\/sfri11471\/mac\" target=\"_blank\" rel=\"noopener noreferrer\">https:\/\/support.apple.com\/en-in\/guide\/safari\/sfri11471\/mac<\/a><\/li>\n<li>Firefox: <a href=\"https:\/\/support.mozilla.org\/en-US\/kb\/clear-cookies-and-site-data-firefox?redirectslug=delete-cookies-remove-info-websites-stored&amp;redirectlocale=en-US\" target=\"_blank\" rel=\"noopener noreferrer\">https:\/\/support.mozilla.org\/en-US\/kb\/clear-cookies-and-site-data-firefox?redirectslug=delete-cookies-remove-info-websites-stored&amp;redirectlocale=en-US<\/a><\/li>\n<li>Internet Explorer: <a href=\"https:\/\/support.microsoft.com\/en-us\/topic\/how-to-delete-cookie-files-in-internet-explorer-bca9446f-d873-78de-77ba-d42645fa52fc\" target=\"_blank\" rel=\"noopener noreferrer\">https:\/\/support.microsoft.com\/en-us\/topic\/how-to-delete-cookie-files-in-internet-explorer-bca9446f-d873-78de-77ba-d42645fa52fc<\/a><\/li>\n<\/ul>\n<p>Si est\u00e1s utilizando un navegador que no est\u00e1 en esta lista, lee la documentaci\u00f3n proporcionada por la empresa propietaria del navegador.<\/p>\n<\/div>\n<p>&nbsp;<\/p>\n<h3>Obligatoriedad de proporcionar datos<\/h3>\n<p>Los datos personales procesados mediante la instalaci\u00f3n de cookies t\u00e9cnicas y cookies anal\u00edticas de primera parte son necesarios para garantizar la navegaci\u00f3n correcta dentro del sitio. Bloquearlas no permite el funcionamiento del sitio.<\/p>\n<p>Es opcional dar el consentimiento para la instalaci\u00f3n de cookies anal\u00edticas de terceros y cookies de perfilado, indicadas como cookies funcionales y cookies publicitarias dentro del banner. Sus datos personales ser\u00e1n procesados mediante la instalaci\u00f3n de dichas cookies solo previo su consentimiento expreso seg\u00fan las modalidades mencionadas anteriormente.<\/p>\n<h3>Categor\u00edas de destinatarios de datos personales<\/h3>\n<p>Sus datos personales ser\u00e1n tratados por empleados y\/o colaboradores del Responsable que hayan recibido instrucciones operativas adecuadas y que hayan sido expresamente autorizados para el tratamiento.<\/p>\n<p>Sus datos pueden ser comunicados a sujetos, titulares aut\u00f3nomos del tratamiento, como por ejemplo Autoridades y Organismos de supervisi\u00f3n y control y, en general, sujetos, p\u00fablicos o privados, autorizados para solicitar los datos.<\/p>\n<p>Los datos tambi\u00e9n pueden ser tratados, en nombre de la Empresa, por terceros designados como responsables externos del tratamiento, como por ejemplo:<\/p>\n<ul>\n<li>Empresas que se encargan del mantenimiento del sitio web;<\/li>\n<li>Empresas que ofrecen soporte en la realizaci\u00f3n de estudios de mercado.<\/li>\n<\/ul>\n<h3>Tus derechos<\/h3>\n<p>En relaci\u00f3n con los tratamientos de datos personales realizados por el Responsable, puedes solicitar al Responsable acceso a los datos que te conciernen, su eliminaci\u00f3n, la rectificaci\u00f3n de datos inexactos, la integraci\u00f3n de datos incompletos, la limitaci\u00f3n del tratamiento en los casos previstos por el art. 18 del GDPR, as\u00ed como oponerte al tratamiento, por motivos relacionados con tu situaci\u00f3n particular, en los casos de inter\u00e9s leg\u00edtimo del responsable.<\/p>\n<p>Si el tratamiento se basa en el consentimiento o en el contrato y se realiza mediante medios automatizados, tienes derecho a recibir tus datos en un formato estructurado, de uso com\u00fan y legible por m\u00e1quina, as\u00ed como, si t\u00e9cnicamente posible, transmitirlos a otro responsable sin impedimentos.<\/p>\n<p>En cualquier momento, puedes presentar una queja ante la Autoridad de Protecci\u00f3n de Datos Personales y recurrir a otros medios de protecci\u00f3n previstos por la normativa aplicable.<\/p>\n<p>Para ejercer tus derechos, puedes comunicarte con el Responsable del tratamiento enviando una comunicaci\u00f3n escrita a la direcci\u00f3n: Kedos S.r.l., Via Chiavari 5\/E, 43125 Parma, o enviando un correo electr\u00f3nico a <a href=\"mailto:privacy@kedos-srl.it\">privacy@kedos-srl.it<\/a>.<\/p>\n<p>Pol\u00edtica actualizada el 05\/05\/2026<\/p>\n<p>[\/et_pb_text][\/et_pb_column][\/et_pb_row][\/et_pb_section]<\/p>\n","protected":false},"excerpt":{"rendered":"<p>Cookie Policy Informaci\u00f3n sobre las cookies instaladas Nuestra pol\u00edtica tiene la intenci\u00f3n de describir los tipos de cookies utilizados y los prop\u00f3sitos de las cookies instaladas por el sitio, as\u00ed como describir y definir aquellas de terceros que puedan estar involucradas. \u00bfQu\u00e9 son las cookies? Las cookies son archivos de texto creados por algunos sitios [&hellip;]<\/p>\n","protected":false},"author":2,"featured_media":0,"parent":0,"menu_order":0,"comment_status":"closed","ping_status":"open","template":"","meta":{"_et_pb_use_builder":"on","_et_pb_old_content":"<!-- wp:heading -->\r\n<h2>Chi siamo<\/h2>\r\n<!-- \/wp:heading -->\r\n\r\n<!-- wp:paragraph -->\r\n<p><strong class=\"privacy-policy-tutorial\">Testo suggerito: <\/strong>L'indirizzo del nostro sito web \u00e8: https:\/\/www.kedos-srl.it.<\/p>\r\n<!-- \/wp:paragraph -->\r\n\r\n<!-- wp:heading -->\r\n<h2>Commenti<\/h2>\r\n<!-- \/wp:heading -->\r\n\r\n<!-- wp:paragraph -->\r\n<p><strong class=\"privacy-policy-tutorial\">Testo suggerito: <\/strong>Quando i visitatori lasciano commenti sul sito, raccogliamo i dati mostrati nel modulo dei commenti oltre all'indirizzo IP del visitatore e la stringa dello user agent del browser per facilitare il rilevamento dello spam.<\/p>\r\n<!-- \/wp:paragraph -->\r\n\r\n<!-- wp:paragraph -->\r\n<p>Una stringa anonimizzata creata a partire dal tuo indirizzo email (altrimenti detta hash) pu\u00f2 essere fornita al servizio Gravatar per vedere se lo stai usando. La privacy policy del servizio Gravatar \u00e8 disponibile qui: https:\/\/automattic.com\/privacy\/. Dopo l'approvazione del tuo commento, la tua immagine del profilo \u00e8 visibile al pubblico nel contesto del tuo commento.<\/p>\r\n<!-- \/wp:paragraph -->\r\n\r\n<!-- wp:heading -->\r\n<h2>Media<\/h2>\r\n<!-- \/wp:heading -->\r\n\r\n<!-- wp:paragraph -->\r\n<p><strong class=\"privacy-policy-tutorial\">Testo suggerito: <\/strong>Se carichi immagini sul sito web, dovresti evitare di caricare immagini che includono i dati di posizione incorporati (EXIF GPS). I visitatori del sito web possono scaricare ed estrarre qualsiasi dato sulla posizione dalle immagini sul sito web.<\/p>\r\n<!-- \/wp:paragraph -->\r\n\r\n<!-- wp:heading -->\r\n<h2>Cookie<\/h2>\r\n<!-- \/wp:heading -->\r\n\r\n<!-- wp:paragraph -->\r\n<p><strong class=\"privacy-policy-tutorial\">Testo suggerito: <\/strong>Se lasci un commento sul nostro sito, puoi scegliere di salvare il tuo nome, indirizzo email e sito web nei cookie. Sono usati per la tua comodit\u00e0 in modo che tu non debba inserire nuovamente i tuoi dati quando lasci un altro commento. Questi cookie dureranno per un anno.<\/p>\r\n<!-- \/wp:paragraph -->\r\n\r\n<!-- wp:paragraph -->\r\n<p>Se visiti la pagina di login, verr\u00e0 impostato un cookie temporaneo per determinare se il tuo browser accetta i cookie. Questo cookie non contiene dati personali e viene eliminato quando chiudi il browser.<\/p>\r\n<!-- \/wp:paragraph -->\r\n\r\n<!-- wp:paragraph -->\r\n<p>Quando effettui l'accesso, verranno impostati diversi cookie per salvare le tue informazioni di accesso e le tue opzioni di visualizzazione dello schermo. I cookie di accesso durano due giorni mentre i cookie per le opzioni dello schermo durano un anno. Se selezioni \"Ricordami\", il tuo accesso persister\u00e0 per due settimane. Se esci dal tuo account, i cookie di accesso verranno rimossi.<\/p>\r\n<!-- \/wp:paragraph -->\r\n\r\n<!-- wp:paragraph -->\r\n<p>Se modifichi o pubblichi un articolo, un cookie aggiuntivo verr\u00e0 salvato nel tuo browser. Questo cookie non include dati personali, ma indica semplicemente l'ID dell'articolo appena modificato. Scade dopo 1 giorno.<\/p>\r\n<!-- \/wp:paragraph -->\r\n\r\n<!-- wp:heading -->\r\n<h2>Contenuto incorporato da altri siti web<\/h2>\r\n<!-- \/wp:heading -->\r\n\r\n<!-- wp:paragraph -->\r\n<p><strong class=\"privacy-policy-tutorial\">Testo suggerito: <\/strong>Gli articoli su questo sito possono includere contenuti incorporati (ad esempio video, immagini, articoli, ecc.). I contenuti incorporati da altri siti web si comportano esattamente allo stesso modo come se il visitatore avesse visitato l'altro sito web.<\/p>\r\n<!-- \/wp:paragraph -->\r\n\r\n<!-- wp:paragraph -->\r\n<p>Questi siti web possono raccogliere dati su di te, usare cookie, integrare ulteriori tracciamenti di terze parti e monitorare l'interazione con essi, incluso il tracciamento della tua interazione con il contenuto incorporato se hai un account e sei connesso a quei siti web.<\/p>\r\n<!-- \/wp:paragraph -->\r\n\r\n<!-- wp:heading -->\r\n<h2>Con chi condividiamo i tuoi dati<\/h2>\r\n<!-- \/wp:heading -->\r\n\r\n<!-- wp:paragraph -->\r\n<p><strong class=\"privacy-policy-tutorial\">Testo suggerito: <\/strong>Se richiedi una reimpostazione della password, il tuo indirizzo IP verr\u00e0 incluso nell'email di reimpostazione.<\/p>\r\n<!-- \/wp:paragraph -->\r\n\r\n<!-- wp:heading -->\r\n<h2>Per quanto tempo conserviamo i tuoi dati<\/h2>\r\n<!-- \/wp:heading -->\r\n\r\n<!-- wp:paragraph -->\r\n<p><strong class=\"privacy-policy-tutorial\">Testo suggerito: <\/strong>Se lasci un commento, il commento e i relativi metadati vengono conservati a tempo indeterminato. \u00c8 cos\u00ec che possiamo riconoscere e approvare automaticamente eventuali commenti successivi invece di tenerli in una coda di moderazione.<\/p>\r\n<!-- \/wp:paragraph -->\r\n\r\n<!-- wp:paragraph -->\r\n<p>Per gli utenti che si registrano sul nostro sito web (se presenti), memorizziamo anche le informazioni personali che forniscono nel loro profilo utente. Tutti gli utenti possono vedere, modificare o cancellare le loro informazioni personali in qualsiasi momento (eccetto il loro nome utente che non possono cambiare). Gli amministratori del sito web possono anche vedere e modificare queste informazioni.<\/p>\r\n<!-- \/wp:paragraph -->\r\n\r\n<!-- wp:heading -->\r\n<h2>Quali diritti hai sui tuoi dati<\/h2>\r\n<!-- \/wp:heading -->\r\n\r\n<!-- wp:paragraph -->\r\n<p><strong class=\"privacy-policy-tutorial\">Testo suggerito: <\/strong>Se hai un account su questo sito, o hai lasciato commenti, puoi richiedere di ricevere un file esportato dal sito con i dati personali che abbiamo su di te, compresi i dati che ci hai fornito. Puoi anche richiedere che cancelliamo tutti i dati personali che ti riguardano. Questo non include i dati che siamo obbligati a conservare per scopi amministrativi, legali o di sicurezza.<\/p>\r\n<!-- \/wp:paragraph -->\r\n\r\n<!-- wp:heading -->\r\n<h2>Dove spediamo i tuoi dati<\/h2>\r\n<!-- \/wp:heading -->\r\n\r\n<!-- wp:paragraph -->\r\n<p><strong class=\"privacy-policy-tutorial\">Testo suggerito: <\/strong>I commenti dei visitatori possono essere controllati attraverso un servizio di rilevamento automatico dello spam.<\/p>\r\n<!-- \/wp:paragraph -->","_et_gb_content_width":"","footnotes":""},"class_list":["post-11191","page","type-page","status-publish","hentry"],"yoast_head":"<!-- This site is optimized with the Yoast SEO plugin v27.5 - https:\/\/yoast.com\/product\/yoast-seo-wordpress\/ -->\n<title>Cookie Policy - Kedos Srl<\/title>\n<meta name=\"robots\" content=\"index, follow, max-snippet:-1, max-image-preview:large, max-video-preview:-1\" \/>\n<link rel=\"canonical\" href=\"https:\/\/www.kedos-srl.it\/es\/informativa-estesa-cookie\/\" \/>\n<meta property=\"og:locale\" content=\"es_ES\" \/>\n<meta property=\"og:type\" content=\"article\" \/>\n<meta property=\"og:title\" content=\"Cookie Policy - Kedos Srl\" \/>\n<meta property=\"og:description\" content=\"Cookie Policy Informaci\u00f3n sobre las cookies instaladas Nuestra pol\u00edtica tiene la intenci\u00f3n de describir los tipos de cookies utilizados y los prop\u00f3sitos de las cookies instaladas por el sitio, as\u00ed como describir y definir aquellas de terceros que puedan estar involucradas. \u00bfQu\u00e9 son las cookies? Las cookies son archivos de texto creados por algunos sitios [&hellip;]\" \/>\n<meta property=\"og:url\" content=\"https:\/\/www.kedos-srl.it\/es\/informativa-estesa-cookie\/\" \/>\n<meta property=\"og:site_name\" content=\"Kedos Srl\" \/>\n<meta property=\"article:publisher\" content=\"https:\/\/www.facebook.com\/people\/Kedos-Srl\/100078119546036\/\" \/>\n<meta property=\"article:modified_time\" content=\"2026-05-05T13:32:15+00:00\" \/>\n<meta property=\"og:image\" content=\"https:\/\/www.kedos-srl.it\/wp-content\/uploads\/2021\/09\/logo_kedos.png\" \/>\n\t<meta property=\"og:image:width\" content=\"757\" \/>\n\t<meta property=\"og:image:height\" content=\"273\" \/>\n\t<meta property=\"og:image:type\" content=\"image\/png\" \/>\n<meta name=\"twitter:card\" content=\"summary_large_image\" \/>\n<meta name=\"twitter:label1\" content=\"Tiempo de lectura\" \/>\n\t<meta name=\"twitter:data1\" content=\"5 minutos\" \/>\n<script type=\"application\/ld+json\" class=\"yoast-schema-graph\">{\"@context\":\"https:\\\/\\\/schema.org\",\"@graph\":[{\"@type\":\"WebPage\",\"@id\":\"https:\\\/\\\/www.kedos-srl.it\\\/es\\\/informativa-estesa-cookie\\\/\",\"url\":\"https:\\\/\\\/www.kedos-srl.it\\\/es\\\/informativa-estesa-cookie\\\/\",\"name\":\"Cookie Policy - Kedos Srl\",\"isPartOf\":{\"@id\":\"https:\\\/\\\/www.kedos-srl.it\\\/es\\\/#website\"},\"datePublished\":\"2021-10-28T15:41:17+00:00\",\"dateModified\":\"2026-05-05T13:32:15+00:00\",\"breadcrumb\":{\"@id\":\"https:\\\/\\\/www.kedos-srl.it\\\/es\\\/informativa-estesa-cookie\\\/#breadcrumb\"},\"inLanguage\":\"es\",\"potentialAction\":[{\"@type\":\"ReadAction\",\"target\":[\"https:\\\/\\\/www.kedos-srl.it\\\/es\\\/informativa-estesa-cookie\\\/\"]}]},{\"@type\":\"BreadcrumbList\",\"@id\":\"https:\\\/\\\/www.kedos-srl.it\\\/es\\\/informativa-estesa-cookie\\\/#breadcrumb\",\"itemListElement\":[{\"@type\":\"ListItem\",\"position\":1,\"name\":\"Home\",\"item\":\"https:\\\/\\\/www.kedos-srl.it\\\/es\\\/home\\\/\"},{\"@type\":\"ListItem\",\"position\":2,\"name\":\"Cookie Policy\"}]},{\"@type\":\"WebSite\",\"@id\":\"https:\\\/\\\/www.kedos-srl.it\\\/es\\\/#website\",\"url\":\"https:\\\/\\\/www.kedos-srl.it\\\/es\\\/\",\"name\":\"Kedos S.r.l.\",\"description\":\"Information Technology Solutions\",\"publisher\":{\"@id\":\"https:\\\/\\\/www.kedos-srl.it\\\/es\\\/#organization\"},\"alternateName\":\"Kedos S.r.l.\",\"potentialAction\":[{\"@type\":\"SearchAction\",\"target\":{\"@type\":\"EntryPoint\",\"urlTemplate\":\"https:\\\/\\\/www.kedos-srl.it\\\/es\\\/?s={search_term_string}\"},\"query-input\":{\"@type\":\"PropertyValueSpecification\",\"valueRequired\":true,\"valueName\":\"search_term_string\"}}],\"inLanguage\":\"es\"},{\"@type\":\"Organization\",\"@id\":\"https:\\\/\\\/www.kedos-srl.it\\\/es\\\/#organization\",\"name\":\"Kedos S.r.l.\",\"alternateName\":\"Kedos S.r.l.\",\"url\":\"https:\\\/\\\/www.kedos-srl.it\\\/es\\\/\",\"logo\":{\"@type\":\"ImageObject\",\"inLanguage\":\"es\",\"@id\":\"https:\\\/\\\/www.kedos-srl.it\\\/es\\\/#\\\/schema\\\/logo\\\/image\\\/\",\"url\":\"https:\\\/\\\/www.kedos-srl.it\\\/wp-content\\\/uploads\\\/2021\\\/09\\\/kedos_verticale.png\",\"contentUrl\":\"https:\\\/\\\/www.kedos-srl.it\\\/wp-content\\\/uploads\\\/2021\\\/09\\\/kedos_verticale.png\",\"width\":390,\"height\":404,\"caption\":\"Kedos S.r.l.\"},\"image\":{\"@id\":\"https:\\\/\\\/www.kedos-srl.it\\\/es\\\/#\\\/schema\\\/logo\\\/image\\\/\"},\"sameAs\":[\"https:\\\/\\\/www.facebook.com\\\/people\\\/Kedos-Srl\\\/100078119546036\\\/\",\"https:\\\/\\\/www.linkedin.com\\\/company\\\/kedos-srl\",\"https:\\\/\\\/www.instagram.com\\\/kedos.srl?igsh=dnlqdjQ5b2Jhc3Ru\",\"https:\\\/\\\/www.youtube.com\\\/@kedossrl8775\"]}]}<\/script>\n<!-- \/ Yoast SEO plugin. -->","yoast_head_json":{"title":"Cookie Policy - Kedos Srl","robots":{"index":"index","follow":"follow","max-snippet":"max-snippet:-1","max-image-preview":"max-image-preview:large","max-video-preview":"max-video-preview:-1"},"canonical":"https:\/\/www.kedos-srl.it\/es\/informativa-estesa-cookie\/","og_locale":"es_ES","og_type":"article","og_title":"Cookie Policy - Kedos Srl","og_description":"Cookie Policy Informaci\u00f3n sobre las cookies instaladas Nuestra pol\u00edtica tiene la intenci\u00f3n de describir los tipos de cookies utilizados y los prop\u00f3sitos de las cookies instaladas por el sitio, as\u00ed como describir y definir aquellas de terceros que puedan estar involucradas. \u00bfQu\u00e9 son las cookies? Las cookies son archivos de texto creados por algunos sitios [&hellip;]","og_url":"https:\/\/www.kedos-srl.it\/es\/informativa-estesa-cookie\/","og_site_name":"Kedos Srl","article_publisher":"https:\/\/www.facebook.com\/people\/Kedos-Srl\/100078119546036\/","article_modified_time":"2026-05-05T13:32:15+00:00","og_image":[{"width":757,"height":273,"url":"https:\/\/www.kedos-srl.it\/wp-content\/uploads\/2021\/09\/logo_kedos.png","type":"image\/png"}],"twitter_card":"summary_large_image","twitter_misc":{"Tiempo de lectura":"5 minutos"},"schema":{"@context":"https:\/\/schema.org","@graph":[{"@type":"WebPage","@id":"https:\/\/www.kedos-srl.it\/es\/informativa-estesa-cookie\/","url":"https:\/\/www.kedos-srl.it\/es\/informativa-estesa-cookie\/","name":"Cookie Policy - Kedos Srl","isPartOf":{"@id":"https:\/\/www.kedos-srl.it\/es\/#website"},"datePublished":"2021-10-28T15:41:17+00:00","dateModified":"2026-05-05T13:32:15+00:00","breadcrumb":{"@id":"https:\/\/www.kedos-srl.it\/es\/informativa-estesa-cookie\/#breadcrumb"},"inLanguage":"es","potentialAction":[{"@type":"ReadAction","target":["https:\/\/www.kedos-srl.it\/es\/informativa-estesa-cookie\/"]}]},{"@type":"BreadcrumbList","@id":"https:\/\/www.kedos-srl.it\/es\/informativa-estesa-cookie\/#breadcrumb","itemListElement":[{"@type":"ListItem","position":1,"name":"Home","item":"https:\/\/www.kedos-srl.it\/es\/home\/"},{"@type":"ListItem","position":2,"name":"Cookie Policy"}]},{"@type":"WebSite","@id":"https:\/\/www.kedos-srl.it\/es\/#website","url":"https:\/\/www.kedos-srl.it\/es\/","name":"Kedos S.r.l.","description":"Information Technology Solutions","publisher":{"@id":"https:\/\/www.kedos-srl.it\/es\/#organization"},"alternateName":"Kedos S.r.l.","potentialAction":[{"@type":"SearchAction","target":{"@type":"EntryPoint","urlTemplate":"https:\/\/www.kedos-srl.it\/es\/?s={search_term_string}"},"query-input":{"@type":"PropertyValueSpecification","valueRequired":true,"valueName":"search_term_string"}}],"inLanguage":"es"},{"@type":"Organization","@id":"https:\/\/www.kedos-srl.it\/es\/#organization","name":"Kedos S.r.l.","alternateName":"Kedos S.r.l.","url":"https:\/\/www.kedos-srl.it\/es\/","logo":{"@type":"ImageObject","inLanguage":"es","@id":"https:\/\/www.kedos-srl.it\/es\/#\/schema\/logo\/image\/","url":"https:\/\/www.kedos-srl.it\/wp-content\/uploads\/2021\/09\/kedos_verticale.png","contentUrl":"https:\/\/www.kedos-srl.it\/wp-content\/uploads\/2021\/09\/kedos_verticale.png","width":390,"height":404,"caption":"Kedos S.r.l."},"image":{"@id":"https:\/\/www.kedos-srl.it\/es\/#\/schema\/logo\/image\/"},"sameAs":["https:\/\/www.facebook.com\/people\/Kedos-Srl\/100078119546036\/","https:\/\/www.linkedin.com\/company\/kedos-srl","https:\/\/www.instagram.com\/kedos.srl?igsh=dnlqdjQ5b2Jhc3Ru","https:\/\/www.youtube.com\/@kedossrl8775"]}]}},"_links":{"self":[{"href":"https:\/\/www.kedos-srl.it\/es\/wp-json\/wp\/v2\/pages\/11191","targetHints":{"allow":["GET"]}}],"collection":[{"href":"https:\/\/www.kedos-srl.it\/es\/wp-json\/wp\/v2\/pages"}],"about":[{"href":"https:\/\/www.kedos-srl.it\/es\/wp-json\/wp\/v2\/types\/page"}],"author":[{"embeddable":true,"href":"https:\/\/www.kedos-srl.it\/es\/wp-json\/wp\/v2\/users\/2"}],"replies":[{"embeddable":true,"href":"https:\/\/www.kedos-srl.it\/es\/wp-json\/wp\/v2\/comments?post=11191"}],"version-history":[{"count":1,"href":"https:\/\/www.kedos-srl.it\/es\/wp-json\/wp\/v2\/pages\/11191\/revisions"}],"predecessor-version":[{"id":14156,"href":"https:\/\/www.kedos-srl.it\/es\/wp-json\/wp\/v2\/pages\/11191\/revisions\/14156"}],"wp:attachment":[{"href":"https:\/\/www.kedos-srl.it\/es\/wp-json\/wp\/v2\/media?parent=11191"}],"curies":[{"name":"wp","href":"https:\/\/api.w.org\/{rel}","templated":true}]}}