{"id":11222,"date":"2021-10-28T23:33:35","date_gmt":"2021-10-28T21:33:35","guid":{"rendered":"https:\/\/www.kedos-srl.it\/informativa-candidati\/"},"modified":"2024-04-05T09:10:06","modified_gmt":"2024-04-05T07:10:06","slug":"informacion-del-candidato","status":"publish","type":"page","link":"https:\/\/www.kedos-srl.it\/es\/informacion-del-candidato\/","title":{"rendered":"Informaci\u00f3n del candidato"},"content":{"rendered":"<p>[et_pb_section fb_built=\u00bb1&#8243; admin_label=\u00bbsection\u00bb _builder_version=\u00bb4.16&#8243; global_colors_info=\u00bb{}\u00bb][et_pb_row admin_label=\u00bbrow\u00bb _builder_version=\u00bb4.16&#8243; background_size=\u00bbinitial\u00bb background_position=\u00bbtop_left\u00bb background_repeat=\u00bbrepeat\u00bb global_colors_info=\u00bb{}\u00bb][et_pb_column type=\u00bb4_4&#8243; _builder_version=\u00bb4.16&#8243; custom_padding=\u00bb|||\u00bb global_colors_info=\u00bb{}\u00bb custom_padding__hover=\u00bb|||\u00bb][et_pb_text admin_label=\u00bbText\u00bb _builder_version=\u00bb4.24.0&#8243; text_font=\u00bbLato|300|||||||\u00bb text_text_color=\u00bb#000000&#8243; text_font_size=\u00bb18px\u00bb text_line_height=\u00bb1.8em\u00bb ul_font=\u00bb||||||||\u00bb header_font=\u00bbRoboto|700|||||||\u00bb header_text_align=\u00bbcenter\u00bb header_font_size=\u00bb80px\u00bb header_line_height=\u00bb1.2em\u00bb header_3_font=\u00bbRoboto|700||on|||||\u00bb header_3_text_align=\u00bbcenter\u00bb header_3_text_color=\u00bb#ffffff\u00bb header_3_font_size=\u00bb24px\u00bb header_3_letter_spacing=\u00bb10px\u00bb header_3_line_height=\u00bb2em\u00bb background_layout=\u00bbdark\u00bb module_alignment=\u00bbcenter\u00bb hover_enabled=\u00bb0&#8243; header_font_size_tablet=\u00bb40px\u00bb header_font_size_phone=\u00bb32px\u00bb header_font_size_last_edited=\u00bbon|phone\u00bb header_3_font_size_tablet=\u00bb16px\u00bb header_3_font_size_phone=\u00bb14px\u00bb header_3_font_size_last_edited=\u00bbon|phone\u00bb header_3_letter_spacing_tablet=\u00bb5px\u00bb header_3_letter_spacing_phone=\u00bb\u00bb header_3_letter_spacing_last_edited=\u00bbon|tablet\u00bb global_colors_info=\u00bb{}\u00bb sticky_enabled=\u00bb0&#8243;]<\/p>\n<h2><strong style=\"color:#000000\">INFORMACI\u00d3N A LOS CANDIDATOS CONFORME A LOS ART\u00cdCULOS 13 y 14 DEL REGLAMENTO (UE) 2016\/679 (\u201cGDPR\u201d)<\/strong><\/h2>\n<p><strong>Estimado candidato:<\/strong><\/p>\n<p>Kedos S.r.l. Los proporciona, de conformidad con los art\u00edculos. 13 y 14 del Reglamento Europeo n\u00fam. 2016\/679 relativo a la protecci\u00f3n de las personas f\u00edsicas en lo que respecta al tratamiento de datos personales (en adelante, \u00abGDPR\u00bb), alguna informaci\u00f3n para dar seguimiento a la solicitud del interesado y, m\u00e1s precisamente, verificar las condiciones de contrataci\u00f3n y\/o para iniciar una colaboraci\u00f3n.<\/p>\n<p><strong>RESPONSABLE DEL TRATAMIENTO<\/strong><\/p>\n<p>Kedos S.r.l.<br \/>Via Chiavari 5\/E,<br \/>43125 Parma (PR),<br \/>Tel.: <a href=\"tel:00390521995811\">0521\/995811<\/a><br \/><a href=\"mailto:privacy@kedos-srl.it\">privacy@kedos-srl.it<\/a><\/p>\n<p><strong>RESPONSABLE DEL PROCESAMIENTO DE DATOS (\u201cDPO\u201d)<br \/><\/strong>Correo electr\u00f3nico: <a href=\"mailto:dpo@kedos-srl.it\">dpo@kedos-srl.it<\/a><\/p>\n<p><strong>DATOS PERSONALES TRATADOS<br \/><\/strong>Los datos personales en posesi\u00f3n de Kedos S.r.l., Responsable del tratamiento, son:<\/p>\n<p><strong><em>DATOS COMUNES<br \/><\/em><\/strong>Nombre, Apellidos, lugar y fecha de nacimiento, c\u00f3digo fiscal o NIF, estado civil, ciudadan\u00eda, residencia y\/o domicilio, direcci\u00f3n de correo electr\u00f3nico y contactos telef\u00f3nicos, calificaciones, experiencia laboral y cualquier otro dato ingresado por usted en su curr\u00edculum vitae y\/o incluido en el cuestionario que se le enviar\u00e1 durante la entrevista.<strong><\/strong><\/p >\n<p><strong><em>GATO. DATOS DATOS (anteriormente datos \u00absensibles\u00bb)<br \/><\/em><\/strong>Datos adecuados para revelar, a modo de ejemplo, el estado de salud (como la pertenencia a categor\u00edas protegidas) posiblemente contenidos en el CV o en cualquier documentaci\u00f3n adicional enviada a la Compa\u00f1\u00eda.<\/p>\n<p><strong>FUENTE DE LOS DATOS<br \/><\/strong>Los datos son recogidos del propio interesado y, por tanto, facilitados directamente por usted (tambi\u00e9n a trav\u00e9s de la publicaci\u00f3n en perfiles profesionales de redes sociales), por empresas de headhunting o de cualquier forma que \u00e9stas proporcionen. servicios de reclutamiento.<\/p>\n<p><strong> FINALIDAD DEL TRATAMIENTO &#8211; BASE JUR\u00cdDICA &#8211; PLAZO DE CONSERVACI\u00d3N DE LOS DATOS <br \/><\/strong>Los datos personales son tratados como parte de la actividad normal de Kedos S.r.l., y de acuerdo con las siguientes finalidades:<\/p >\n<ol>\n<li>Sus datos son recogidos y tratados con la finalidad de realizar actividades relacionadas con la b\u00fasqueda y selecci\u00f3n de candidatos.<br \/><strong>Base jur\u00eddica del tratamiento<\/strong>: ejecuci\u00f3n de medidas precontractuales adoptadas a petici\u00f3n suya ;<br \/><strong>Periodo de conservaci\u00f3n de los datos<\/strong>: durante toda la duraci\u00f3n de la actividad de selecci\u00f3n y, al finalizar la misma, durante el tiempo necesario para su eliminaci\u00f3n manual, sin perjuicio de cualquier otra conservaci\u00f3n autorizada por usted. <\/li>\n<\/ol>\n<ol start=\"2\">\n<li>Sus datos tambi\u00e9n se procesan con el fin de verificar que los datos proporcionados corresponden a la veracidad utilizando informaci\u00f3n p\u00fablica (incluidos perfiles profesionales de redes sociales, bases de datos, registros web o archivos multimedia accesibles al p\u00fablico).<br \/> <strong> Base jur\u00eddica del tratamiento:<\/strong>Inter\u00e9s leg\u00edtimo del titular de verificar la aptitud profesional del candidato;<br \/><strong>Periodo de conservaci\u00f3n de los datos:<\/strong> toda la duraci\u00f3n de la actividad de selecci\u00f3n y, tras su terminaci\u00f3n, durante el tiempo necesario para eliminarlo manualmente.<\/li>\n<\/ol>\n<ol start=\"3\">\n<li>Sujeto a su consentimiento expl\u00edcito, la Compa\u00f1\u00eda conservar\u00e1 sus datos durante 24 meses, para cualquier selecci\u00f3n futura promovida por la Compa\u00f1\u00eda, en caso de que esta solicitud no tenga \u00e9xito. Si decide no utilizar este servicio adicional y, por tanto, no autorizar el almacenamiento de sus datos para futuras selecciones, esto no impedir\u00e1 que su perfil sea tenido en cuenta para la selecci\u00f3n actual, pero s\u00f3lo impedir\u00e1 que su solicitud sea tomada en consideraci\u00f3n. . en consideraci\u00f3n para futuras selecciones.<br \/><strong>Base jur\u00eddica del tratamiento:<\/strong>consentimiento;<br \/><strong>Periodo de conservaci\u00f3n de los datos:<\/strong>24 meses desde la finalizaci\u00f3n de la selecci\u00f3n. < \/li>\n<\/ol>\n<ol start=\"4\">\n<li>En caso de que su solicitud sea exitosa, sus datos ser\u00e1n tratados por la Compa\u00f1\u00eda con el fin de cumplir con las obligaciones y ejercer los derechos previstos por la legislaci\u00f3n aplicable en materia de legislaci\u00f3n laboral y de seguridad y protecci\u00f3n social, o por los convenios colectivos, as\u00ed como as\u00ed como disposiciones dictadas por autoridades legitimadas para ello y por \u00f3rganos de supervisi\u00f3n y control.<br \/><strong>Base jur\u00eddica del tratamiento:<\/strong>Necesidad de cumplir con las obligaciones legales a las que est\u00e1 sujeta la Sociedad, por lo que respecta a a datos \u00absensibles\u00bb, seg\u00fan lo dispuesto en el art. 9.2, carta. b);<br \/><strong>Per\u00edodo de conservaci\u00f3n de los datos:<\/strong>10 a\u00f1os despu\u00e9s de la terminaci\u00f3n de la relaci\u00f3n contractual.<strong><br \/><\/strong><\/li>\n<\/ol>\n<ol start=\"5\">\n<li>Si es necesario, para conocer, ejercer y\/o defender los derechos de la Sociedad ante los tribunales<br \/><strong>Base jur\u00eddica del tratamiento: <\/strong>inter\u00e9s leg\u00edtimo de la Sociedad en la defensa ante los tribunales;<br \/> <strong>Periodo de conservaci\u00f3n de los datos:<\/strong>durante toda la duraci\u00f3n del litigio, hasta el vencimiento de los plazos para recurrir, durante el tiempo necesario para su eliminaci\u00f3n manual.<\/li>\n<\/ol>\n<p>Una vez transcurridos los plazos de conservaci\u00f3n indicados anteriormente, los datos personales ser\u00e1n destruidos, eliminados o anonimizados, compatibles con los procedimientos t\u00e9cnicos de cancelaci\u00f3n y copia de seguridad.<\/p>\n<p><strong>NATURALEZA DE LA CESI\u00d3N<br \/><\/strong>La facilitaci\u00f3n de datos es obligatoria para las actividades de investigaci\u00f3n y selecci\u00f3n de personal. Negarse a facilitar datos no le permite realizar esta actividad y no permitir\u00e1 que su solicitud sea tomada en consideraci\u00f3n.<\/p>\n<p><strong>PERSONAS AUTORIZADAS Y DESTINATARIOS DE LOS DATOS<br \/><\/strong>Los Datos podr\u00e1n ser tratados por empleados de la empresa con funciones encargadas de perseguir las finalidades indicadas anteriormente, quienes hayan sido expresamente <u>autorizados<\/u> al procesamiento y que hayan recibido instrucciones operativas adecuadas del Responsable del tratamiento.<\/p>\n<p>Los datos podr\u00e1n ser comunicados a sujetos que act\u00faen como <strong>responsables del tratamiento<\/strong>, incluidos, a t\u00edtulo enunciativo y no limitativo, autoridades y organismos de supervisi\u00f3n y control.<\/p>\n<p>Los datos podr\u00e1n ser tratados, por cuenta del Responsable del tratamiento, por sujetos designados como <strong>Responsables del tratamiento<\/strong>, incluidos, en particular:<\/p>\n<ol>\n<li>Empresa, que el Responsable del tratamiento puede utilizar con fines de selecci\u00f3n, reclutamiento y evaluaci\u00f3n de candidatos;<\/li>\n<li>Empresas o profesionales que brindan soporte para la implementaci\u00f3n y mantenimiento del sistema de informaci\u00f3n y aplicaciones de la empresa;<\/li>\n<li>Empresas que prestan servicios de conservaci\u00f3n sustitutiva de documentaci\u00f3n administrativa.<\/li>\n<\/ol>\n<p><strong>DERECHOS DEL INTERESADO, A QUE SE REFIERE EL ART\u00cdCULO 7 Y A QUE SE REFIERE EL CAP\u00cdTULO III DEL RGPD (ART. DEL 15 AL 23)<br \/><\/strong>En relaci\u00f3n con el tratamiento de sus datos personales datos, puedes preguntar al Titular:<\/p>\n<ul>\n<li>Acceso a los datos que le conciernen (art. 15 RGPD);<\/li>\n<li>Su integraci\u00f3n de rectificaci\u00f3n (art. 16 RGPD);<\/li>\n<li>Eliminaci\u00f3n de datos (art. 17 RGPD);<\/li>\n<li>La limitaci\u00f3n del tratamiento (art. 17 RGPD);<\/li>\n<li>Oponerse al tratamiento en el supuesto de inter\u00e9s leg\u00edtimo del titular (art. 21 RGPD);<\/li>\n<li>La recepci\u00f3n de datos en un formato estructurado, de uso com\u00fan y legible por un dispositivo autom\u00e1tico, as\u00ed como, si es t\u00e9cnicamente posible, transmitirlos a otro titular sin impedimentos (\u00abderecho a la portabilidad de los datos\u00bb, art. 20 RGPD) ;<\/li>\n<li>Revocar el consentimiento prestado en cualquier momento. (art. 7 RGPD).<\/li>\n<\/ul>\n<p>Le recordamos tambi\u00e9n el derecho a presentar una reclamaci\u00f3n ante la Autoridad de Control competente (art. 13 RGPD).<\/p>\n<p>Estos derechos podr\u00e1n ejercerse enviando una comunicaci\u00f3n escrita a la direcci\u00f3n indicada a continuaci\u00f3n o un correo electr\u00f3nico a: <a href=\"mailto:privacy@kedos-srl.it\">privacy@kedos-srl.it<\/a>.<\/p>\n<\/p>\n<p><em>Informaci\u00f3n actualizada el 06\/12\/2020<\/em><\/p>\n<p>[\/et_pb_text][\/et_pb_column][\/et_pb_row][\/et_pb_section]<\/p>\n","protected":false},"excerpt":{"rendered":"<p>INFORMACI\u00d3N A LOS CANDIDATOS CONFORME A LOS ART\u00cdCULOS 13 y 14 DEL REGLAMENTO (UE) 2016\/679 (\u201cGDPR\u201d) Estimado candidato: Kedos S.r.l. Los proporciona, de conformidad con los art\u00edculos. 13 y 14 del Reglamento Europeo n\u00fam. 2016\/679 relativo a la protecci\u00f3n de las personas f\u00edsicas en lo que respecta al tratamiento de datos personales (en adelante, \u00abGDPR\u00bb), [&hellip;]<\/p>\n","protected":false},"author":2,"featured_media":0,"parent":0,"menu_order":0,"comment_status":"closed","ping_status":"open","template":"","meta":{"_et_pb_use_builder":"on","_et_pb_old_content":"<!-- wp:heading -->\r\n<h2>Chi siamo<\/h2>\r\n<!-- \/wp:heading -->\r\n\r\n<!-- wp:paragraph -->\r\n<p><strong class=\"privacy-policy-tutorial\">Testo suggerito: <\/strong>L'indirizzo del nostro sito web \u00e8: https:\/\/www.kedos-srl.it.<\/p>\r\n<!-- \/wp:paragraph -->\r\n\r\n<!-- wp:heading -->\r\n<h2>Commenti<\/h2>\r\n<!-- \/wp:heading -->\r\n\r\n<!-- wp:paragraph -->\r\n<p><strong class=\"privacy-policy-tutorial\">Testo suggerito: <\/strong>Quando i visitatori lasciano commenti sul sito, raccogliamo i dati mostrati nel modulo dei commenti oltre all'indirizzo IP del visitatore e la stringa dello user agent del browser per facilitare il rilevamento dello spam.<\/p>\r\n<!-- \/wp:paragraph -->\r\n\r\n<!-- wp:paragraph -->\r\n<p>Una stringa anonimizzata creata a partire dal tuo indirizzo email (altrimenti detta hash) pu\u00f2 essere fornita al servizio Gravatar per vedere se lo stai usando. La privacy policy del servizio Gravatar \u00e8 disponibile qui: https:\/\/automattic.com\/privacy\/. Dopo l'approvazione del tuo commento, la tua immagine del profilo \u00e8 visibile al pubblico nel contesto del tuo commento.<\/p>\r\n<!-- \/wp:paragraph -->\r\n\r\n<!-- wp:heading -->\r\n<h2>Media<\/h2>\r\n<!-- \/wp:heading -->\r\n\r\n<!-- wp:paragraph -->\r\n<p><strong class=\"privacy-policy-tutorial\">Testo suggerito: <\/strong>Se carichi immagini sul sito web, dovresti evitare di caricare immagini che includono i dati di posizione incorporati (EXIF GPS). I visitatori del sito web possono scaricare ed estrarre qualsiasi dato sulla posizione dalle immagini sul sito web.<\/p>\r\n<!-- \/wp:paragraph -->\r\n\r\n<!-- wp:heading -->\r\n<h2>Cookie<\/h2>\r\n<!-- \/wp:heading -->\r\n\r\n<!-- wp:paragraph -->\r\n<p><strong class=\"privacy-policy-tutorial\">Testo suggerito: <\/strong>Se lasci un commento sul nostro sito, puoi scegliere di salvare il tuo nome, indirizzo email e sito web nei cookie. Sono usati per la tua comodit\u00e0 in modo che tu non debba inserire nuovamente i tuoi dati quando lasci un altro commento. Questi cookie dureranno per un anno.<\/p>\r\n<!-- \/wp:paragraph -->\r\n\r\n<!-- wp:paragraph -->\r\n<p>Se visiti la pagina di login, verr\u00e0 impostato un cookie temporaneo per determinare se il tuo browser accetta i cookie. Questo cookie non contiene dati personali e viene eliminato quando chiudi il browser.<\/p>\r\n<!-- \/wp:paragraph -->\r\n\r\n<!-- wp:paragraph -->\r\n<p>Quando effettui l'accesso, verranno impostati diversi cookie per salvare le tue informazioni di accesso e le tue opzioni di visualizzazione dello schermo. I cookie di accesso durano due giorni mentre i cookie per le opzioni dello schermo durano un anno. Se selezioni \"Ricordami\", il tuo accesso persister\u00e0 per due settimane. Se esci dal tuo account, i cookie di accesso verranno rimossi.<\/p>\r\n<!-- \/wp:paragraph -->\r\n\r\n<!-- wp:paragraph -->\r\n<p>Se modifichi o pubblichi un articolo, un cookie aggiuntivo verr\u00e0 salvato nel tuo browser. Questo cookie non include dati personali, ma indica semplicemente l'ID dell'articolo appena modificato. Scade dopo 1 giorno.<\/p>\r\n<!-- \/wp:paragraph -->\r\n\r\n<!-- wp:heading -->\r\n<h2>Contenuto incorporato da altri siti web<\/h2>\r\n<!-- \/wp:heading -->\r\n\r\n<!-- wp:paragraph -->\r\n<p><strong class=\"privacy-policy-tutorial\">Testo suggerito: <\/strong>Gli articoli su questo sito possono includere contenuti incorporati (ad esempio video, immagini, articoli, ecc.). I contenuti incorporati da altri siti web si comportano esattamente allo stesso modo come se il visitatore avesse visitato l'altro sito web.<\/p>\r\n<!-- \/wp:paragraph -->\r\n\r\n<!-- wp:paragraph -->\r\n<p>Questi siti web possono raccogliere dati su di te, usare cookie, integrare ulteriori tracciamenti di terze parti e monitorare l'interazione con essi, incluso il tracciamento della tua interazione con il contenuto incorporato se hai un account e sei connesso a quei siti web.<\/p>\r\n<!-- \/wp:paragraph -->\r\n\r\n<!-- wp:heading -->\r\n<h2>Con chi condividiamo i tuoi dati<\/h2>\r\n<!-- \/wp:heading -->\r\n\r\n<!-- wp:paragraph -->\r\n<p><strong class=\"privacy-policy-tutorial\">Testo suggerito: <\/strong>Se richiedi una reimpostazione della password, il tuo indirizzo IP verr\u00e0 incluso nell'email di reimpostazione.<\/p>\r\n<!-- \/wp:paragraph -->\r\n\r\n<!-- wp:heading -->\r\n<h2>Per quanto tempo conserviamo i tuoi dati<\/h2>\r\n<!-- \/wp:heading -->\r\n\r\n<!-- wp:paragraph -->\r\n<p><strong class=\"privacy-policy-tutorial\">Testo suggerito: <\/strong>Se lasci un commento, il commento e i relativi metadati vengono conservati a tempo indeterminato. \u00c8 cos\u00ec che possiamo riconoscere e approvare automaticamente eventuali commenti successivi invece di tenerli in una coda di moderazione.<\/p>\r\n<!-- \/wp:paragraph -->\r\n\r\n<!-- wp:paragraph -->\r\n<p>Per gli utenti che si registrano sul nostro sito web (se presenti), memorizziamo anche le informazioni personali che forniscono nel loro profilo utente. Tutti gli utenti possono vedere, modificare o cancellare le loro informazioni personali in qualsiasi momento (eccetto il loro nome utente che non possono cambiare). Gli amministratori del sito web possono anche vedere e modificare queste informazioni.<\/p>\r\n<!-- \/wp:paragraph -->\r\n\r\n<!-- wp:heading -->\r\n<h2>Quali diritti hai sui tuoi dati<\/h2>\r\n<!-- \/wp:heading -->\r\n\r\n<!-- wp:paragraph -->\r\n<p><strong class=\"privacy-policy-tutorial\">Testo suggerito: <\/strong>Se hai un account su questo sito, o hai lasciato commenti, puoi richiedere di ricevere un file esportato dal sito con i dati personali che abbiamo su di te, compresi i dati che ci hai fornito. Puoi anche richiedere che cancelliamo tutti i dati personali che ti riguardano. Questo non include i dati che siamo obbligati a conservare per scopi amministrativi, legali o di sicurezza.<\/p>\r\n<!-- \/wp:paragraph -->\r\n\r\n<!-- wp:heading -->\r\n<h2>Dove spediamo i tuoi dati<\/h2>\r\n<!-- \/wp:heading -->\r\n\r\n<!-- wp:paragraph -->\r\n<p><strong class=\"privacy-policy-tutorial\">Testo suggerito: <\/strong>I commenti dei visitatori possono essere controllati attraverso un servizio di rilevamento automatico dello spam.<\/p>\r\n<!-- \/wp:paragraph -->","_et_gb_content_width":"","footnotes":""},"class_list":["post-11222","page","type-page","status-publish","hentry"],"yoast_head":"<!-- This site is optimized with the Yoast SEO plugin v27.4 - https:\/\/yoast.com\/product\/yoast-seo-wordpress\/ -->\n<title>Informaci\u00f3n del candidato - Kedos Srl<\/title>\n<meta name=\"robots\" content=\"index, follow, max-snippet:-1, max-image-preview:large, max-video-preview:-1\" \/>\n<link rel=\"canonical\" href=\"https:\/\/www.kedos-srl.it\/es\/informacion-del-candidato\/\" \/>\n<meta property=\"og:locale\" content=\"es_ES\" \/>\n<meta property=\"og:type\" content=\"article\" \/>\n<meta property=\"og:title\" content=\"Informaci\u00f3n del candidato - Kedos Srl\" \/>\n<meta property=\"og:description\" content=\"INFORMACI\u00d3N A LOS CANDIDATOS CONFORME A LOS ART\u00cdCULOS 13 y 14 DEL REGLAMENTO (UE) 2016\/679 (\u201cGDPR\u201d) Estimado candidato: Kedos S.r.l. Los proporciona, de conformidad con los art\u00edculos. 13 y 14 del Reglamento Europeo n\u00fam. 2016\/679 relativo a la protecci\u00f3n de las personas f\u00edsicas en lo que respecta al tratamiento de datos personales (en adelante, &quot;GDPR&quot;), [&hellip;]\" \/>\n<meta property=\"og:url\" content=\"https:\/\/www.kedos-srl.it\/es\/informacion-del-candidato\/\" \/>\n<meta property=\"og:site_name\" content=\"Kedos Srl\" \/>\n<meta property=\"article:publisher\" content=\"https:\/\/www.facebook.com\/people\/Kedos-Srl\/100078119546036\/\" \/>\n<meta property=\"article:modified_time\" content=\"2024-04-05T07:10:06+00:00\" \/>\n<meta property=\"og:image\" content=\"https:\/\/www.kedos-srl.it\/wp-content\/uploads\/2021\/09\/logo_kedos.png\" \/>\n\t<meta property=\"og:image:width\" content=\"757\" \/>\n\t<meta property=\"og:image:height\" content=\"273\" \/>\n\t<meta property=\"og:image:type\" content=\"image\/png\" \/>\n<meta name=\"twitter:card\" content=\"summary_large_image\" \/>\n<meta name=\"twitter:label1\" content=\"Tiempo de lectura\" \/>\n\t<meta name=\"twitter:data1\" content=\"7 minutos\" \/>\n<script type=\"application\/ld+json\" class=\"yoast-schema-graph\">{\"@context\":\"https:\\\/\\\/schema.org\",\"@graph\":[{\"@type\":\"WebPage\",\"@id\":\"https:\\\/\\\/www.kedos-srl.it\\\/es\\\/informacion-del-candidato\\\/\",\"url\":\"https:\\\/\\\/www.kedos-srl.it\\\/es\\\/informacion-del-candidato\\\/\",\"name\":\"Informaci\u00f3n del candidato - Kedos Srl\",\"isPartOf\":{\"@id\":\"https:\\\/\\\/www.kedos-srl.it\\\/es\\\/#website\"},\"datePublished\":\"2021-10-28T21:33:35+00:00\",\"dateModified\":\"2024-04-05T07:10:06+00:00\",\"breadcrumb\":{\"@id\":\"https:\\\/\\\/www.kedos-srl.it\\\/es\\\/informacion-del-candidato\\\/#breadcrumb\"},\"inLanguage\":\"es\",\"potentialAction\":[{\"@type\":\"ReadAction\",\"target\":[\"https:\\\/\\\/www.kedos-srl.it\\\/es\\\/informacion-del-candidato\\\/\"]}]},{\"@type\":\"BreadcrumbList\",\"@id\":\"https:\\\/\\\/www.kedos-srl.it\\\/es\\\/informacion-del-candidato\\\/#breadcrumb\",\"itemListElement\":[{\"@type\":\"ListItem\",\"position\":1,\"name\":\"Home\",\"item\":\"https:\\\/\\\/www.kedos-srl.it\\\/es\\\/home\\\/\"},{\"@type\":\"ListItem\",\"position\":2,\"name\":\"Informaci\u00f3n del candidato\"}]},{\"@type\":\"WebSite\",\"@id\":\"https:\\\/\\\/www.kedos-srl.it\\\/es\\\/#website\",\"url\":\"https:\\\/\\\/www.kedos-srl.it\\\/es\\\/\",\"name\":\"Kedos S.r.l.\",\"description\":\"Information Technology Solutions\",\"publisher\":{\"@id\":\"https:\\\/\\\/www.kedos-srl.it\\\/es\\\/#organization\"},\"alternateName\":\"Kedos S.r.l.\",\"potentialAction\":[{\"@type\":\"SearchAction\",\"target\":{\"@type\":\"EntryPoint\",\"urlTemplate\":\"https:\\\/\\\/www.kedos-srl.it\\\/es\\\/?s={search_term_string}\"},\"query-input\":{\"@type\":\"PropertyValueSpecification\",\"valueRequired\":true,\"valueName\":\"search_term_string\"}}],\"inLanguage\":\"es\"},{\"@type\":\"Organization\",\"@id\":\"https:\\\/\\\/www.kedos-srl.it\\\/es\\\/#organization\",\"name\":\"Kedos S.r.l.\",\"alternateName\":\"Kedos S.r.l.\",\"url\":\"https:\\\/\\\/www.kedos-srl.it\\\/es\\\/\",\"logo\":{\"@type\":\"ImageObject\",\"inLanguage\":\"es\",\"@id\":\"https:\\\/\\\/www.kedos-srl.it\\\/es\\\/#\\\/schema\\\/logo\\\/image\\\/\",\"url\":\"https:\\\/\\\/www.kedos-srl.it\\\/wp-content\\\/uploads\\\/2021\\\/09\\\/kedos_verticale.png\",\"contentUrl\":\"https:\\\/\\\/www.kedos-srl.it\\\/wp-content\\\/uploads\\\/2021\\\/09\\\/kedos_verticale.png\",\"width\":390,\"height\":404,\"caption\":\"Kedos S.r.l.\"},\"image\":{\"@id\":\"https:\\\/\\\/www.kedos-srl.it\\\/es\\\/#\\\/schema\\\/logo\\\/image\\\/\"},\"sameAs\":[\"https:\\\/\\\/www.facebook.com\\\/people\\\/Kedos-Srl\\\/100078119546036\\\/\",\"https:\\\/\\\/www.linkedin.com\\\/company\\\/kedos-srl\",\"https:\\\/\\\/www.instagram.com\\\/kedos.srl?igsh=dnlqdjQ5b2Jhc3Ru\",\"https:\\\/\\\/www.youtube.com\\\/@kedossrl8775\"]}]}<\/script>\n<!-- \/ Yoast SEO plugin. -->","yoast_head_json":{"title":"Informaci\u00f3n del candidato - Kedos Srl","robots":{"index":"index","follow":"follow","max-snippet":"max-snippet:-1","max-image-preview":"max-image-preview:large","max-video-preview":"max-video-preview:-1"},"canonical":"https:\/\/www.kedos-srl.it\/es\/informacion-del-candidato\/","og_locale":"es_ES","og_type":"article","og_title":"Informaci\u00f3n del candidato - Kedos Srl","og_description":"INFORMACI\u00d3N A LOS CANDIDATOS CONFORME A LOS ART\u00cdCULOS 13 y 14 DEL REGLAMENTO (UE) 2016\/679 (\u201cGDPR\u201d) Estimado candidato: Kedos S.r.l. Los proporciona, de conformidad con los art\u00edculos. 13 y 14 del Reglamento Europeo n\u00fam. 2016\/679 relativo a la protecci\u00f3n de las personas f\u00edsicas en lo que respecta al tratamiento de datos personales (en adelante, \"GDPR\"), [&hellip;]","og_url":"https:\/\/www.kedos-srl.it\/es\/informacion-del-candidato\/","og_site_name":"Kedos Srl","article_publisher":"https:\/\/www.facebook.com\/people\/Kedos-Srl\/100078119546036\/","article_modified_time":"2024-04-05T07:10:06+00:00","og_image":[{"width":757,"height":273,"url":"https:\/\/www.kedos-srl.it\/wp-content\/uploads\/2021\/09\/logo_kedos.png","type":"image\/png"}],"twitter_card":"summary_large_image","twitter_misc":{"Tiempo de lectura":"7 minutos"},"schema":{"@context":"https:\/\/schema.org","@graph":[{"@type":"WebPage","@id":"https:\/\/www.kedos-srl.it\/es\/informacion-del-candidato\/","url":"https:\/\/www.kedos-srl.it\/es\/informacion-del-candidato\/","name":"Informaci\u00f3n del candidato - Kedos Srl","isPartOf":{"@id":"https:\/\/www.kedos-srl.it\/es\/#website"},"datePublished":"2021-10-28T21:33:35+00:00","dateModified":"2024-04-05T07:10:06+00:00","breadcrumb":{"@id":"https:\/\/www.kedos-srl.it\/es\/informacion-del-candidato\/#breadcrumb"},"inLanguage":"es","potentialAction":[{"@type":"ReadAction","target":["https:\/\/www.kedos-srl.it\/es\/informacion-del-candidato\/"]}]},{"@type":"BreadcrumbList","@id":"https:\/\/www.kedos-srl.it\/es\/informacion-del-candidato\/#breadcrumb","itemListElement":[{"@type":"ListItem","position":1,"name":"Home","item":"https:\/\/www.kedos-srl.it\/es\/home\/"},{"@type":"ListItem","position":2,"name":"Informaci\u00f3n del candidato"}]},{"@type":"WebSite","@id":"https:\/\/www.kedos-srl.it\/es\/#website","url":"https:\/\/www.kedos-srl.it\/es\/","name":"Kedos S.r.l.","description":"Information Technology Solutions","publisher":{"@id":"https:\/\/www.kedos-srl.it\/es\/#organization"},"alternateName":"Kedos S.r.l.","potentialAction":[{"@type":"SearchAction","target":{"@type":"EntryPoint","urlTemplate":"https:\/\/www.kedos-srl.it\/es\/?s={search_term_string}"},"query-input":{"@type":"PropertyValueSpecification","valueRequired":true,"valueName":"search_term_string"}}],"inLanguage":"es"},{"@type":"Organization","@id":"https:\/\/www.kedos-srl.it\/es\/#organization","name":"Kedos S.r.l.","alternateName":"Kedos S.r.l.","url":"https:\/\/www.kedos-srl.it\/es\/","logo":{"@type":"ImageObject","inLanguage":"es","@id":"https:\/\/www.kedos-srl.it\/es\/#\/schema\/logo\/image\/","url":"https:\/\/www.kedos-srl.it\/wp-content\/uploads\/2021\/09\/kedos_verticale.png","contentUrl":"https:\/\/www.kedos-srl.it\/wp-content\/uploads\/2021\/09\/kedos_verticale.png","width":390,"height":404,"caption":"Kedos S.r.l."},"image":{"@id":"https:\/\/www.kedos-srl.it\/es\/#\/schema\/logo\/image\/"},"sameAs":["https:\/\/www.facebook.com\/people\/Kedos-Srl\/100078119546036\/","https:\/\/www.linkedin.com\/company\/kedos-srl","https:\/\/www.instagram.com\/kedos.srl?igsh=dnlqdjQ5b2Jhc3Ru","https:\/\/www.youtube.com\/@kedossrl8775"]}]}},"_links":{"self":[{"href":"https:\/\/www.kedos-srl.it\/es\/wp-json\/wp\/v2\/pages\/11222","targetHints":{"allow":["GET"]}}],"collection":[{"href":"https:\/\/www.kedos-srl.it\/es\/wp-json\/wp\/v2\/pages"}],"about":[{"href":"https:\/\/www.kedos-srl.it\/es\/wp-json\/wp\/v2\/types\/page"}],"author":[{"embeddable":true,"href":"https:\/\/www.kedos-srl.it\/es\/wp-json\/wp\/v2\/users\/2"}],"replies":[{"embeddable":true,"href":"https:\/\/www.kedos-srl.it\/es\/wp-json\/wp\/v2\/comments?post=11222"}],"version-history":[{"count":0,"href":"https:\/\/www.kedos-srl.it\/es\/wp-json\/wp\/v2\/pages\/11222\/revisions"}],"wp:attachment":[{"href":"https:\/\/www.kedos-srl.it\/es\/wp-json\/wp\/v2\/media?parent=11222"}],"curies":[{"name":"wp","href":"https:\/\/api.w.org\/{rel}","templated":true}]}}